{"id":6829,"date":"2024-11-22T12:18:46","date_gmt":"2024-11-22T11:18:46","guid":{"rendered":"https:\/\/musicandsport.ch\/termini-condizioni\/"},"modified":"2024-11-26T08:24:01","modified_gmt":"2024-11-26T07:24:01","slug":"termini-condizioni","status":"publish","type":"page","link":"https:\/\/musicandsport.ch\/fr\/termini-condizioni\/","title":{"rendered":"Termes et conditions"},"content":{"rendered":"\n<p><strong>Clause de non-responsabilit\u00e9<\/strong><\/p>\n\n<p>MusicadhoC Sagl, y compris son propri\u00e9taire, ses employ\u00e9s, ses agents, ses freelances et ses sous-traitants, ne peut \u00eatre tenu responsable des dommages mat\u00e9riels, des blessures ou de toute autre perte subie par les clients, les participants ou les tiers pendant ou \u00e0 la suite des services fournis. Ceci inclut, sans s&rsquo;y limiter, les accidents survenant lors d&rsquo;excursions, d&rsquo;activit\u00e9s de divertissement ou de tout autre \u00e9v\u00e9nement organis\u00e9 par MusicadhoC Sagl. Les clients et les participants reconnaissent et acceptent qu&rsquo;ils participent \u00e0 toutes les activit\u00e9s \u00e0 leurs propres risques et qu&rsquo;ils sont responsables de la couverture d&rsquo;assurance appropri\u00e9e, y compris l&rsquo;assurance accident et l&rsquo;assurance responsabilit\u00e9 civile.  <\/p>\n\n<p>MusicadhoC Sagl d\u00e9cline en outre toute responsabilit\u00e9 en cas d&rsquo;\u00e9v\u00e9nements impr\u00e9vus, d&rsquo;\u00e9v\u00e9nements naturels ou d&rsquo;actes de tiers susceptibles d&rsquo;affecter la qualit\u00e9 ou la s\u00e9curit\u00e9 des services fournis.<\/p>\n\n<p><em><strong>Droit suisse applicable :<\/strong><\/em><\/p>\n\n<p>Selon l&rsquo;article 100 CO, tout accord pr\u00e9alable excluant la responsabilit\u00e9 pour dol ou faute lourde est nul. Par cons\u00e9quent, si les clauses de non-responsabilit\u00e9 peuvent limiter la responsabilit\u00e9 en cas de n\u00e9gligence l\u00e9g\u00e8re, elles ne peuvent pas exclure la responsabilit\u00e9 en cas de n\u00e9gligence grave ou de faute intentionnelle.<a href=\"https:\/\/www.lexology.com\/library\/detail.aspx?g=36b3b942-00a1-4e18-b928-558e29c8cf35&amp;utm_source=chatgpt.com\">(Lexologie<\/a>)<\/p>\n\n<p><strong>Statut du personnel et des ind\u00e9pendants<\/strong><\/p>\n\n<p>Toutes les personnes engag\u00e9es par MusicadhoC Sagl, y compris les artistes, les guides et les autres prestataires de services, sont employ\u00e9es en tant que freelance et travaillent comme des entrepreneurs ind\u00e9pendants. Ils sont engag\u00e9s sur la base d&rsquo;un projet ou sur appel et ne sont pas consid\u00e9r\u00e9s comme des employ\u00e9s de MusicadhoC Sagl. En tant qu&rsquo;entrepreneurs ind\u00e9pendants, ils sont seuls responsables du respect des obligations l\u00e9gales, professionnelles et contractuelles li\u00e9es \u00e0 leurs services. MusicadhoC Sagl n&rsquo;assume aucune responsabilit\u00e9 pour les actions, n\u00e9gligences ou omissions de son personnel freelance au-del\u00e0 du cadre convenu de ses responsabilit\u00e9s.   <\/p>\n\n<p><em>Droit suisse applicable :<\/em><\/p>\n\n<p>En droit suisse, la distinction entre salari\u00e9s et ind\u00e9pendants repose principalement sur le degr\u00e9 de subordination. Les entrepreneurs ind\u00e9pendants ne sont g\u00e9n\u00e9ralement pas soumis aux instructions de l&#8217;employeur concernant l&rsquo;ex\u00e9cution du travail, le temps et le lieu de travail.<a href=\"https:\/\/kpmg.com\/ch\/en\/insights\/reporting\/independent-contractors-employees.html?utm_source=chatgpt.com\">(KPMG<\/a>)<\/p>\n\n<p><strong>Responsabilit\u00e9s du client<\/strong><\/p>\n\n<p>Les clients et les participants sont tenus de suivre toutes les instructions, directives et recommandations en mati\u00e8re de s\u00e9curit\u00e9 fournies par MusicadhoC Sagl, son personnel ou tout freelance engag\u00e9 par la soci\u00e9t\u00e9 pendant les activit\u00e9s et les \u00e9v\u00e9nements. Le non-respect de ces instructions peut entra\u00eener le renvoi de l&rsquo;activit\u00e9 sans remboursement ni compensation. MusicadhoC Sagl se r\u00e9serve le droit de refuser la participation \u00e0 des personnes qui repr\u00e9sentent un risque pour elles-m\u00eames, pour les autres ou pour le bon d\u00e9roulement de l&rsquo;activit\u00e9.  <\/p>\n\n<p><em><strong>Droit suisse applicable :<\/strong><\/em><\/p>\n\n<p>Les participants ont le devoir d&rsquo;agir avec prudence. Le non-respect des consignes de s\u00e9curit\u00e9 peut \u00eatre consid\u00e9r\u00e9 comme une n\u00e9gligence contributive, ce qui peut r\u00e9duire ou \u00e9liminer les r\u00e9clamations en responsabilit\u00e9. <\/p>\n\n<p><strong>Force Majeure<\/strong><\/p>\n\n<p>MusicadhoC Sagl ne sera pas responsable de l&rsquo;inex\u00e9cution de ses obligations si cette inex\u00e9cution est due \u00e0 des causes \u00e9chappant \u00e0 son contr\u00f4le raisonnable, y compris, mais sans s&rsquo;y limiter, les cas de force majeure, les restrictions gouvernementales, les pand\u00e9mies, les gr\u00e8ves de la main-d&rsquo;\u0153uvre ou les catastrophes naturelles.<\/p>\n\n<p><em><strong>Droit suisse applicable :<\/strong><\/em><\/p>\n\n<p>L&rsquo;article 119 CO pr\u00e9voit qu&rsquo;une obligation est r\u00e9put\u00e9e \u00e9teinte lorsque son ex\u00e9cution est rendue impossible par des circonstances qui ne sont pas imputables au d\u00e9biteur.<\/p>\n\n<p>La juridiction applicable est Locarno 6600 (CH)<\/p>\n","protected":false},"excerpt":{"rendered":"<p>Clause de non-responsabilit\u00e9 MusicadhoC Sagl, y compris son propri\u00e9taire, ses employ\u00e9s, ses agents, ses freelances et ses sous-traitants, ne peut \u00eatre tenu responsable des dommages mat\u00e9riels, des blessures ou de toute autre perte subie par les clients, les participants ou les tiers pendant ou \u00e0 la suite des services fournis. Ceci inclut, sans s&rsquo;y limiter, [&hellip;]<\/p>\n","protected":false},"author":2,"featured_media":0,"parent":0,"menu_order":0,"comment_status":"closed","ping_status":"open","template":"","meta":{"_seopress_robots_primary_cat":"","_seopress_titles_title":"","_seopress_titles_desc":"","_seopress_robots_index":"","footnotes":""},"class_list":["post-6829","page","type-page","status-publish","hentry"],"_links":{"self":[{"href":"https:\/\/musicandsport.ch\/fr\/wp-json\/wp\/v2\/pages\/6829","targetHints":{"allow":["GET"]}}],"collection":[{"href":"https:\/\/musicandsport.ch\/fr\/wp-json\/wp\/v2\/pages"}],"about":[{"href":"https:\/\/musicandsport.ch\/fr\/wp-json\/wp\/v2\/types\/page"}],"author":[{"embeddable":true,"href":"https:\/\/musicandsport.ch\/fr\/wp-json\/wp\/v2\/users\/2"}],"replies":[{"embeddable":true,"href":"https:\/\/musicandsport.ch\/fr\/wp-json\/wp\/v2\/comments?post=6829"}],"version-history":[{"count":0,"href":"https:\/\/musicandsport.ch\/fr\/wp-json\/wp\/v2\/pages\/6829\/revisions"}],"wp:attachment":[{"href":"https:\/\/musicandsport.ch\/fr\/wp-json\/wp\/v2\/media?parent=6829"}],"curies":[{"name":"wp","href":"https:\/\/api.w.org\/{rel}","templated":true}]}}