{"id":2390,"date":"2024-06-06T18:17:23","date_gmt":"2024-06-06T16:17:23","guid":{"rendered":"https:\/\/musicadhoc.art\/chi-siamo\/"},"modified":"2024-09-25T11:25:39","modified_gmt":"2024-09-25T09:25:39","slug":"chi-siamo","status":"publish","type":"page","link":"https:\/\/musicandsport.ch\/fr\/chi-siamo\/","title":{"rendered":"A propos de nous"},"content":{"rendered":"\t\t<div data-elementor-type=\"wp-page\" data-elementor-id=\"2390\" class=\"elementor elementor-2390 elementor-2369\" data-elementor-post-type=\"page\">\n\t\t\t\t\t\t<section class=\"elementor-section elementor-top-section elementor-element elementor-element-eb50670 elementor-section-boxed elementor-section-height-default elementor-section-height-default\" data-id=\"eb50670\" data-element_type=\"section\" data-e-type=\"section\" data-settings=\"{&quot;background_background&quot;:&quot;gradient&quot;,&quot;shape_divider_bottom&quot;:&quot;wave-brush&quot;}\">\n\t\t\t\t\t\t\t<div class=\"elementor-background-overlay\"><\/div>\n\t\t\t\t\t\t<div class=\"elementor-shape elementor-shape-bottom\" aria-hidden=\"true\" data-negative=\"false\">\n\t\t\t<svg xmlns=\"http:\/\/www.w3.org\/2000\/svg\" viewBox=\"0 0 283.5 27.8\" preserveAspectRatio=\"none\">\n\t<path class=\"elementor-shape-fill\" d=\"M283.5,9.7c0,0-7.3,4.3-14,4.6c-6.8,0.3-12.6,0-20.9-1.5c-11.3-2-33.1-10.1-44.7-5.7\ts-12.1,4.6-18,7.4c-6.6,3.2-20,9.6-36.6,9.3C131.6,23.5,99.5,7.2,86.3,8c-1.4,0.1-6.6,0.8-10.5,2c-3.8,1.2-9.4,3.8-17,4.7\tc-3.2,0.4-8.3,1.1-14.2,0.9c-1.5-0.1-6.3-0.4-12-1.6c-5.7-1.2-11-3.1-15.8-3.7C6.5,9.2,0,10.8,0,10.8V0h283.5V9.7z M260.8,11.3\tc-0.7-1-2-0.4-4.3-0.4c-2.3,0-6.1-1.2-5.8-1.1c0.3,0.1,3.1,1.5,6,1.9C259.7,12.2,261.4,12.3,260.8,11.3z M242.4,8.6\tc0,0-2.4-0.2-5.6-0.9c-3.2-0.8-10.3-2.8-15.1-3.5c-8.2-1.1-15.8,0-15.1,0.1c0.8,0.1,9.6-0.6,17.6,1.1c3.3,0.7,9.3,2.2,12.4,2.7\tC239.9,8.7,242.4,8.6,242.4,8.6z M185.2,8.5c1.7-0.7-13.3,4.7-18.5,6.1c-2.1,0.6-6.2,1.6-10,2c-3.9,0.4-8.9,0.4-8.8,0.5\tc0,0.2,5.8,0.8,11.2,0c5.4-0.8,5.2-1.1,7.6-1.6C170.5,14.7,183.5,9.2,185.2,8.5z M199.1,6.9c0.2,0-0.8-0.4-4.8,1.1\tc-4,1.5-6.7,3.5-6.9,3.7c-0.2,0.1,3.5-1.8,6.6-3C197,7.5,199,6.9,199.1,6.9z M283,6c-0.1,0.1-1.9,1.1-4.8,2.5s-6.9,2.8-6.7,2.7\tc0.2,0,3.5-0.6,7.4-2.5C282.8,6.8,283.1,5.9,283,6z M31.3,11.6c0.1-0.2-1.9-0.2-4.5-1.2s-5.4-1.6-7.8-2C15,7.6,7.3,8.5,7.7,8.6\tC8,8.7,15.9,8.3,20.2,9.3c2.2,0.5,2.4,0.5,5.7,1.6S31.2,11.9,31.3,11.6z M73,9.2c0.4-0.1,3.5-1.6,8.4-2.6c4.9-1.1,8.9-0.5,8.9-0.8\tc0-0.3-1-0.9-6.2-0.3S72.6,9.3,73,9.2z M71.6,6.7C71.8,6.8,75,5.4,77.3,5c2.3-0.3,1.9-0.5,1.9-0.6c0-0.1-1.1-0.2-2.7,0.2\tC74.8,5.1,71.4,6.6,71.6,6.7z M93.6,4.4c0.1,0.2,3.5,0.8,5.6,1.8c2.1,1,1.8,0.6,1.9,0.5c0.1-0.1-0.8-0.8-2.4-1.3\tC97.1,4.8,93.5,4.2,93.6,4.4z M65.4,11.1c-0.1,0.3,0.3,0.5,1.9-0.2s2.6-1.3,2.2-1.2s-0.9,0.4-2.5,0.8C65.3,10.9,65.5,10.8,65.4,11.1\tz M34.5,12.4c-0.2,0,2.1,0.8,3.3,0.9c1.2,0.1,2,0.1,2-0.2c0-0.3-0.1-0.5-1.6-0.4C36.6,12.8,34.7,12.4,34.5,12.4z M152.2,21.1\tc-0.1,0.1-2.4-0.3-7.5-0.3c-5,0-13.6-2.4-17.2-3.5c-3.6-1.1,10,3.9,16.5,4.1C150.5,21.6,152.3,21,152.2,21.1z\"\/>\n\t<path class=\"elementor-shape-fill\" d=\"M269.6,18c-0.1-0.1-4.6,0.3-7.2,0c-7.3-0.7-17-3.2-16.6-2.9c0.4,0.3,13.7,3.1,17,3.3\tC267.7,18.8,269.7,18,269.6,18z\"\/>\n\t<path class=\"elementor-shape-fill\" d=\"M227.4,9.8c-0.2-0.1-4.5-1-9.5-1.2c-5-0.2-12.7,0.6-12.3,0.5c0.3-0.1,5.9-1.8,13.3-1.2\tS227.6,9.9,227.4,9.8z\"\/>\n\t<path class=\"elementor-shape-fill\" d=\"M204.5,13.4c-0.1-0.1,2-1,3.2-1.1c1.2-0.1,2,0,2,0.3c0,0.3-0.1,0.5-1.6,0.4\tC206.4,12.9,204.6,13.5,204.5,13.4z\"\/>\n\t<path class=\"elementor-shape-fill\" d=\"M201,10.6c0-0.1-4.4,1.2-6.3,2.2c-1.9,0.9-6.2,3.1-6.1,3.1c0.1,0.1,4.2-1.6,6.3-2.6\tS201,10.7,201,10.6z\"\/>\n\t<path class=\"elementor-shape-fill\" d=\"M154.5,26.7c-0.1-0.1-4.6,0.3-7.2,0c-7.3-0.7-17-3.2-16.6-2.9c0.4,0.3,13.7,3.1,17,3.3\tC152.6,27.5,154.6,26.8,154.5,26.7z\"\/>\n\t<path class=\"elementor-shape-fill\" d=\"M41.9,19.3c0,0,1.2-0.3,2.9-0.1c1.7,0.2,5.8,0.9,8.2,0.7c4.2-0.4,7.4-2.7,7-2.6\tc-0.4,0-4.3,2.2-8.6,1.9c-1.8-0.1-5.1-0.5-6.7-0.4S41.9,19.3,41.9,19.3z\"\/>\n\t<path class=\"elementor-shape-fill\" d=\"M75.5,12.6c0.2,0.1,2-0.8,4.3-1.1c2.3-0.2,2.1-0.3,2.1-0.5c0-0.1-1.8-0.4-3.4,0\tC76.9,11.5,75.3,12.5,75.5,12.6z\"\/>\n\t<path class=\"elementor-shape-fill\" d=\"M15.6,13.2c0-0.1,4.3,0,6.7,0.5c2.4,0.5,5,1.9,5,2c0,0.1-2.7-0.8-5.1-1.4\tC19.9,13.7,15.7,13.3,15.6,13.2z\"\/>\n<\/svg>\t\t<\/div>\n\t\t\t\t\t<div class=\"elementor-container elementor-column-gap-no\">\n\t\t\t\t\t<div class=\"elementor-column elementor-col-100 elementor-top-column elementor-element elementor-element-ad1917b\" data-id=\"ad1917b\" data-element_type=\"column\" data-e-type=\"column\">\n\t\t\t<div class=\"elementor-widget-wrap elementor-element-populated\">\n\t\t\t\t\t\t<div class=\"elementor-element elementor-element-712dbf4 elementor-widget elementor-widget-heading\" data-id=\"712dbf4\" data-element_type=\"widget\" data-e-type=\"widget\" data-widget_type=\"heading.default\">\n\t\t\t\t<div class=\"elementor-widget-container\">\n\t\t\t\t\t<h2 class=\"elementor-heading-title elementor-size-default\">\u00c0 PROPOS DE NOUS<\/h2>\t\t\t\t<\/div>\n\t\t\t\t<\/div>\n\t\t\t\t\t<\/div>\n\t\t<\/div>\n\t\t\t\t\t<\/div>\n\t\t<\/section>\n\t\t<div class=\"elementor-element elementor-element-4b2668e e-flex e-con-boxed e-con e-parent\" data-id=\"4b2668e\" data-element_type=\"container\" data-e-type=\"container\">\n\t\t\t\t\t<div class=\"e-con-inner\">\n\t\t<div class=\"elementor-element elementor-element-372564f e-con-full e-flex e-con e-child\" data-id=\"372564f\" data-element_type=\"container\" data-e-type=\"container\">\n\t\t\t\t<div class=\"elementor-element elementor-element-f981b90 elementor-widget elementor-widget-image\" data-id=\"f981b90\" data-element_type=\"widget\" data-e-type=\"widget\" data-widget_type=\"image.default\">\n\t\t\t\t<div class=\"elementor-widget-container\">\n\t\t\t\t\t\t\t\t\t\t\t\t\t\t\t<img fetchpriority=\"high\" decoding=\"async\" width=\"961\" height=\"1923\" src=\"https:\/\/musicandsport.ch\/wp-content\/uploads\/sites\/72\/2024\/09\/Foto-Profilo-Minotti-2-1.jpg\" class=\"attachment-full size-full wp-image-6087\" alt=\"\" srcset=\"https:\/\/musicandsport.ch\/wp-content\/uploads\/sites\/72\/2024\/09\/Foto-Profilo-Minotti-2-1.jpg 961w, https:\/\/musicandsport.ch\/wp-content\/uploads\/sites\/72\/2024\/09\/Foto-Profilo-Minotti-2-1-150x300.jpg 150w, https:\/\/musicandsport.ch\/wp-content\/uploads\/sites\/72\/2024\/09\/Foto-Profilo-Minotti-2-1-512x1024.jpg 512w, https:\/\/musicandsport.ch\/wp-content\/uploads\/sites\/72\/2024\/09\/Foto-Profilo-Minotti-2-1-768x1536.jpg 768w\" sizes=\"(max-width: 961px) 100vw, 961px\" \/>\t\t\t\t\t\t\t\t\t\t\t\t\t\t\t<\/div>\n\t\t\t\t<\/div>\n\t\t\t\t<\/div>\n\t\t<div class=\"elementor-element elementor-element-23e7e3d e-con-full e-flex e-con e-child\" data-id=\"23e7e3d\" data-element_type=\"container\" data-e-type=\"container\">\n\t\t\t\t<div class=\"elementor-element elementor-element-70d5a35 elementor-widget elementor-widget-text-editor\" data-id=\"70d5a35\" data-element_type=\"widget\" data-e-type=\"widget\" data-widget_type=\"text-editor.default\">\n\t\t\t\t<div class=\"elementor-widget-container\">\n\t\t\t\t\t\t\t\t\t<div dir=\"ltr\">\n<div class=\"elementToProof\">\n<div class=\"flex flex-grow flex-col max-w-full\">\n<div class=\"min-h-[20px] text-message flex flex-col items-start whitespace-pre-wrap break-words [.text-message+&amp;]:mt-5 juice:w-full juice:items-end overflow-x-auto gap-2\" dir=\"auto\" data-message-author-role=\"assistant\" data-message-id=\"dce7caf3-adc9-4561-9100-641cb89e62e2\">\n<div class=\"flex w-full flex-col gap-1 juice:empty:hidden juice:first:pt-[3px]\">\n<div class=\"markdown prose w-full break-words dark:prose-invert dark\">\n<p>Christian Minotti est n\u00e9 en 1975 \u00e0 Lugano et, d\u00e8s l&rsquo;\u00e2ge de 3 ans, gr\u00e2ce \u00e0 ses parents, il a d\u00e9velopp\u00e9 une passion pour le piano et le ski, deux grandes amours qui n&rsquo;\u00e9taient au d\u00e9part que des passe-temps mais qui sont devenues des professions, continuant \u00e0 l&rsquo;accompagner tout au long de sa vie.<\/p>\n<p>Pendant 12 ans, jusqu&rsquo;en 2002, il a travaill\u00e9 comme courtier en bourse apr\u00e8s avoir termin\u00e9 ses \u00e9tudes dans une grande banque suisse, ce qui lui a permis de d\u00e9velopper pleinement son esprit d&rsquo;entreprise.<\/p>\n<p>Apr\u00e8s avoir fait deux fois le tour du monde, il fonde en 2008, \u00e0 son retour de Chine, \u00ab\u00a0Musicadhoc\u00a0\u00bb, d&rsquo;abord sous la forme d&rsquo;une association puis, en 2010, sous la forme d&rsquo;une soci\u00e9t\u00e9 \u00e0 responsabilit\u00e9 limit\u00e9e (Sagl).<br \/>\nCette soci\u00e9t\u00e9 organise divers \u00e9v\u00e9nements, avec des musiciens professionnels, des artistes ainsi que des guides sportifs. <\/p>\n<p>Parall\u00e8lement, depuis 1990 et pendant 30 ans, il a \u00e9t\u00e9 moniteur de ski au Ski Club Ticino-Lugano.<\/p>\n<p>Depuis 2010, il coordonne des groupes d&rsquo;\u00e9coles prestigieuses et des groupes priv\u00e9s \u00e0 la recherche d&rsquo;exp\u00e9riences en montagne, en organisant des excursions de ski, de v\u00e9lo, de trekking et de bateau.<\/p>\n<p>En 2024, Christian a d\u00e9cid\u00e9 d&rsquo;ouvrir au public les activit\u00e9s sportives qu&rsquo;il menait \u00e0 titre priv\u00e9 depuis 15 ans.<br \/>\nMinotti a toujours aim\u00e9 construire des choses de mani\u00e8re tr\u00e8s particuli\u00e8re et structur\u00e9e, et c&rsquo;est le r\u00e9sultat de 25 ans de travail en tant que professionnel ind\u00e9pendant.<br \/>\nSon succ\u00e8s en tant qu&rsquo;entrepreneur vient du renouvellement constant des id\u00e9es et de la diversification de ses activit\u00e9s, sans jamais oublier ses pierres angulaires : LA MUSIQUE ET LE SPORT  <\/p>\n<\/div>\n<\/div>\n<\/div>\n<\/div>\n<\/div>\n<\/div>\n\t\t\t\t\t\t\t\t<\/div>\n\t\t\t\t<\/div>\n\t\t\t\t<\/div>\n\t\t\t\t\t<\/div>\n\t\t\t\t<\/div>\n\t\t<div class=\"elementor-element elementor-element-7e7a897 e-flex e-con-boxed e-con e-parent\" data-id=\"7e7a897\" data-element_type=\"container\" data-e-type=\"container\" data-settings=\"{&quot;background_background&quot;:&quot;classic&quot;}\">\n\t\t\t\t\t<div class=\"e-con-inner\">\n\t\t<div class=\"elementor-element elementor-element-a3861c0 e-con-full e-flex e-con e-child\" data-id=\"a3861c0\" data-element_type=\"container\" data-e-type=\"container\">\n\t\t\t\t<div class=\"elementor-element elementor-element-d9cdc79 elementor-widget__width-initial elementor-widget elementor-widget-heading\" data-id=\"d9cdc79\" data-element_type=\"widget\" data-e-type=\"widget\" data-widget_type=\"heading.default\">\n\t\t\t\t<div class=\"elementor-widget-container\">\n\t\t\t\t\t<h6 class=\"elementor-heading-title elementor-size-default\">MUSIC &amp; SPORTS offre des services de qualit\u00e9, coordonn\u00e9s et ex\u00e9cut\u00e9s avec engagement et enthousiasme par notre personnel sp\u00e9cialis\u00e9, qui accomplit son travail avec passion et flexibilit\u00e9 !<\/h6>\t\t\t\t<\/div>\n\t\t\t\t<\/div>\n\t\t\t\t<\/div>\n\t\t\t\t\t<\/div>\n\t\t\t\t<\/div>\n\t\t\t\t<\/div>\n\t\t","protected":false},"excerpt":{"rendered":"<p>\u00c0 PROPOS DE NOUS Christian Minotti est n\u00e9 en 1975 \u00e0 Lugano et, d\u00e8s l&rsquo;\u00e2ge de 3 ans, gr\u00e2ce \u00e0 ses parents, il a d\u00e9velopp\u00e9 une passion pour le piano et le ski, deux grandes amours qui n&rsquo;\u00e9taient au d\u00e9part que des passe-temps mais qui sont devenues des professions, continuant \u00e0 l&rsquo;accompagner tout au long [&hellip;]<\/p>\n","protected":false},"author":2,"featured_media":0,"parent":0,"menu_order":0,"comment_status":"closed","ping_status":"open","template":"elementor_header_footer","meta":{"_seopress_robots_primary_cat":"","_seopress_titles_title":"","_seopress_titles_desc":"","_seopress_robots_index":"","footnotes":""},"class_list":["post-2390","page","type-page","status-publish","hentry"],"_links":{"self":[{"href":"https:\/\/musicandsport.ch\/fr\/wp-json\/wp\/v2\/pages\/2390","targetHints":{"allow":["GET"]}}],"collection":[{"href":"https:\/\/musicandsport.ch\/fr\/wp-json\/wp\/v2\/pages"}],"about":[{"href":"https:\/\/musicandsport.ch\/fr\/wp-json\/wp\/v2\/types\/page"}],"author":[{"embeddable":true,"href":"https:\/\/musicandsport.ch\/fr\/wp-json\/wp\/v2\/users\/2"}],"replies":[{"embeddable":true,"href":"https:\/\/musicandsport.ch\/fr\/wp-json\/wp\/v2\/comments?post=2390"}],"version-history":[{"count":0,"href":"https:\/\/musicandsport.ch\/fr\/wp-json\/wp\/v2\/pages\/2390\/revisions"}],"wp:attachment":[{"href":"https:\/\/musicandsport.ch\/fr\/wp-json\/wp\/v2\/media?parent=2390"}],"curies":[{"name":"wp","href":"https:\/\/api.w.org\/{rel}","templated":true}]}}